{"id":972,"date":"2017-12-30T16:44:21","date_gmt":"2017-12-30T16:44:21","guid":{"rendered":"http:\/\/dreamglass.wpengine.com\/?page_id=972"},"modified":"2019-11-21T00:17:06","modified_gmt":"2019-11-21T00:17:06","slug":"our-laboratory","status":"publish","type":"page","link":"https:\/\/www.dreamglassgroup.com\/es\/our-laboratory\/","title":{"rendered":"<!DOCTYPE html PUBLIC \"-\/\/W3C\/\/DTD HTML 4.0 Transitional\/\/EN\" \"http:\/\/www.w3.org\/TR\/REC-html40\/loose.dtd\">\n<html><body><p>NUESTRO LABORATORIO<\/p><\/body><\/html>"},"content":{"rendered":"<!DOCTYPE html PUBLIC \"-\/\/W3C\/\/DTD HTML 4.0 Transitional\/\/EN\"  \"http:\/\/www.w3.org\/TR\/REC-html40\/loose.dtd\">\n<html><body><div id=\"pl-972\"  class=\"panel-layout\"><div id=\"pg-972-0\"  class=\"panel-grid panel-has-style\"><div style=\"padding: 100px 0; \"  class=\"panel-row-style panel-row-style-for-972-0\"><div id=\"pgc-972-0-0\"  class=\"panel-grid-cell\"><div id=\"panel-972-0-0-0\"  class=\"so-panel widget widget_siteorigin-panels-postloop panel-first-child panel-last-child\"  data-index=\"0\"><div class=\"contenedor_lab panel-widget-style panel-widget-style-for-972-0-0-0\">\n\t\n    \n        <article id=\"post-975\"  class=\"post-975 post type-post status-publish format-standard has-post-thumbnail hentry category-our-laboratory\">\n                <div class=\"post-content\">\n                                            <div class=\"entry-thumb\">\n                            <div class=\"opacidad_img\"><img width=\"675\"  height=\"468\"  src=\"https:\/\/www.dreamglassgroup.com\/wp-content\/uploads\/2017\/12\/dreamstime_xxl_49147955.jpg\"  class=\"attachment-rocked-large-thumb size-rocked-large-thumb wp-post-image\"  alt=\"\"  loading=\"lazy\"  srcset=\"https:\/\/www.dreamglassgroup.com\/wp-content\/uploads\/2017\/12\/dreamstime_xxl_49147955.jpg 675w, https:\/\/www.dreamglassgroup.com\/wp-content\/uploads\/2017\/12\/dreamstime_xxl_49147955-300x208.jpg 300w, https:\/\/www.dreamglassgroup.com\/wp-content\/uploads\/2017\/12\/dreamstime_xxl_49147955-410x284.jpg 410w, https:\/\/www.dreamglassgroup.com\/wp-content\/uploads\/2017\/12\/dreamstime_xxl_49147955-100x69.jpg 100w, https:\/\/www.dreamglassgroup.com\/wp-content\/uploads\/2017\/12\/dreamstime_xxl_49147955-275x191.jpg 275w\"  sizes=\"(max-width: 675px) 100vw, 675px\"><\/div>\n                            <div class=\"cont_ourlab\">\n\t\t\t\t\t\t\t\t<h3 class=\"ourlab_titles\">\u00bfPOR QU\u00c9 TENEMOS NUESTRO PROPIO LABORATORIO?<\/h3>                                <!-- <a href=\"https:\/\/www.dreamglassgroup.com\/es\/our-laboratory\/why-have-our-own-lab\/\" title=\"Why have our own lab?\"><\/a>-->\n                                <!--<a class=\"learnmore_ourlab\"  href=\"\">Learn More ><\/a>-->\n                                <p>Having our own lab is what makes us completely unique in our industry, allowing us to control the full production and quality of our products from initial technology, to final glass delivery. As the manufacturer and distributor of our product, we guarantee its quality and our client&acirc;&#128;&#153;s satisfaction.<\/p>\n                            <\/div>\n                        <\/div>\n                                    <\/div>\n        <\/article><!-- #post-## -->\n    \n    \n\t\t\n\t\n    \n    \n\t\t\n\t\n    \n        <article id=\"post-978\"  class=\"post-978 post type-post status-publish format-standard has-post-thumbnail hentry category-our-laboratory\">\n                <div class=\"post-content\">\n                                            <div class=\"entry-thumb\">\n                            <div class=\"opacidad_img\"><img width=\"675\"  height=\"468\"  src=\"https:\/\/www.dreamglassgroup.com\/wp-content\/uploads\/2017\/12\/dreamstime_xxl_52083199.jpg\"  class=\"attachment-rocked-large-thumb size-rocked-large-thumb wp-post-image\"  alt=\"\"  loading=\"lazy\"  srcset=\"https:\/\/www.dreamglassgroup.com\/wp-content\/uploads\/2017\/12\/dreamstime_xxl_52083199.jpg 675w, https:\/\/www.dreamglassgroup.com\/wp-content\/uploads\/2017\/12\/dreamstime_xxl_52083199-300x208.jpg 300w, https:\/\/www.dreamglassgroup.com\/wp-content\/uploads\/2017\/12\/dreamstime_xxl_52083199-410x284.jpg 410w, https:\/\/www.dreamglassgroup.com\/wp-content\/uploads\/2017\/12\/dreamstime_xxl_52083199-100x69.jpg 100w, https:\/\/www.dreamglassgroup.com\/wp-content\/uploads\/2017\/12\/dreamstime_xxl_52083199-275x191.jpg 275w\"  sizes=\"(max-width: 675px) 100vw, 675px\"><\/div>\n                            <div class=\"cont_ourlab\">\n\t\t\t\t\t\t\t\t<h3 class=\"ourlab_titles\">ENTENDIENDO NUESTRO PRODUCTO<\/h3>                                <!-- <a href=\"https:\/\/www.dreamglassgroup.com\/es\/our-laboratory\/understanding-our-product\/\"   title=\"Understanding our product\"><\/a>-->\n                                <!--<a class=\"learnmore_ourlab\"  href=\"\">Learn More ><\/a>-->\n                                <p>Most smart glass companies simply sell products that they buy from another manufacturer. At Dream Glass Group, we are more knowledgeable about the science behind creating smart glass technology. We make our own PDLC Film and control the product&Acirc;&acute;s features (transparency, opacity, haze, switching speeds, adhesion levels and more&acirc;&#128;&brvbar;).<\/p>\n                            <\/div>\n                        <\/div>\n                                    <\/div>\n        <\/article><!-- #post-## -->\n    \n    \n\t\t\n\t\n    \n    \n\t\t\n\t\n    \n        <article id=\"post-981\"  class=\"post-981 post type-post status-publish format-standard has-post-thumbnail hentry category-our-laboratory\">\n                <div class=\"post-content\">\n                                            <div class=\"entry-thumb\">\n                            <div class=\"opacidad_img\"><img width=\"675\"  height=\"468\"  src=\"https:\/\/www.dreamglassgroup.com\/wp-content\/uploads\/2017\/12\/photo_lab3-copy.jpg\"  class=\"attachment-rocked-large-thumb size-rocked-large-thumb wp-post-image\"  alt=\"\"  loading=\"lazy\"  srcset=\"https:\/\/www.dreamglassgroup.com\/wp-content\/uploads\/2017\/12\/photo_lab3-copy.jpg 675w, https:\/\/www.dreamglassgroup.com\/wp-content\/uploads\/2017\/12\/photo_lab3-copy-300x208.jpg 300w, https:\/\/www.dreamglassgroup.com\/wp-content\/uploads\/2017\/12\/photo_lab3-copy-410x284.jpg 410w, https:\/\/www.dreamglassgroup.com\/wp-content\/uploads\/2017\/12\/photo_lab3-copy-100x69.jpg 100w, https:\/\/www.dreamglassgroup.com\/wp-content\/uploads\/2017\/12\/photo_lab3-copy-275x191.jpg 275w\"  sizes=\"(max-width: 675px) 100vw, 675px\"><\/div>\n                            <div class=\"cont_ourlab\">\n\t\t\t\t\t\t\t\t<h3 class=\"ourlab_titles\">EN DIRECCI\u00d3N AL FUTURO<\/h3>                                <!-- <a href=\"https:\/\/www.dreamglassgroup.com\/es\/our-laboratory\/reaching-for-the-future\/\" title=\"Reaching for the future\"><\/a>-->\n                                <!--<a class=\"learnmore_ourlab\"  href=\"\">Learn More ><\/a>-->\n                                <p>Tener nuestro propio laboratorio no solo nos permite controlar cualquier aspecto de la creaci\u00f3n de vidrio hasta su instalaci\u00f3n sino que tambi\u00e9n nos permite trabajar en el desarrollo de nuevas tecnolog\u00edas. A trav\u00e9s de nuestro laboratorio de I+D, DGG ha sido capaz de presentar productos nuevos e innovadores en el mercado de la tecnolog\u00eda del vidrio inteligente.<\/p>\n                            <\/div>\n                        <\/div>\n                                    <\/div>\n        <\/article><!-- #post-## -->\n    \n    \n\t\t\n\t\n    \n    \n\t\t\n\t\n    \n        <article id=\"post-984\"  class=\"post-984 post type-post status-publish format-standard has-post-thumbnail hentry category-our-laboratory\">\n                <div class=\"post-content\" >\n                                            <div class=\"entry-thumb\">\n                            <div class=\"opacidad_img\"><img width=\"675\"  height=\"468\"  src=\"https:\/\/www.dreamglassgroup.com\/wp-content\/uploads\/2017\/12\/dreamstime_xxl_53088114.jpg\"  class=\"attachment-rocked-large-thumb size-rocked-large-thumb wp-post-image\"  alt=\"\"  loading=\"lazy\"  srcset=\"https:\/\/www.dreamglassgroup.com\/wp-content\/uploads\/2017\/12\/dreamstime_xxl_53088114.jpg 675w, https:\/\/www.dreamglassgroup.com\/wp-content\/uploads\/2017\/12\/dreamstime_xxl_53088114-300x208.jpg 300w, https:\/\/www.dreamglassgroup.com\/wp-content\/uploads\/2017\/12\/dreamstime_xxl_53088114-410x284.jpg 410w, https:\/\/www.dreamglassgroup.com\/wp-content\/uploads\/2017\/12\/dreamstime_xxl_53088114-100x69.jpg 100w, https:\/\/www.dreamglassgroup.com\/wp-content\/uploads\/2017\/12\/dreamstime_xxl_53088114-275x191.jpg 275w\"  sizes=\"(max-width: 675px) 100vw, 675px\"><\/div>\n                            <div class=\"cont_ourlab\">\n\t\t\t\t\t\t\t\t<h3 class=\"ourlab_titles\">GARANTIZAR LA SEGURIDAD<\/h3>                                <!-- <a href=\"https:\/\/www.dreamglassgroup.com\/es\/our-laboratory\/ensuring-safety\/\" title=\"Ensuring safety\"><\/a>-->\n                                <!--<a class=\"learnmore_ourlab\"  href=\"\">Learn More ><\/a>-->\n                                <p>DreamGlass&Acirc;&reg; products are tested under the highest quality standards, so you can be sure you&acirc;&#128;&#153;re getting the absolute best product available. And, you can feel sure that your glass is safe and durable for many years to come.<\/p>\n                            <\/div>\n                        <\/div>\n                                    <\/div>\n        <\/article><!-- #post-## -->\n    \n    \n\t\t\n\t\n    \n    \n\t\t\n\t\n    \n        <article id=\"post-2799\"  class=\"post-2799 post type-post status-publish format-standard has-post-thumbnail hentry category-main-box category-news category-our-laboratory category-products\">\n                <div class=\"post-content\" >\n                                            <div class=\"entry-thumb\">\n                            <div class=\"opacidad_img\"><img width=\"700\"  height=\"401\"  src=\"https:\/\/www.dreamglassgroup.com\/wp-content\/uploads\/2020\/11\/smart-window-700x401.jpg\"  class=\"attachment-rocked-large-thumb size-rocked-large-thumb wp-post-image\"  alt=\"\"  loading=\"lazy\"  srcset=\"https:\/\/www.dreamglassgroup.com\/wp-content\/uploads\/2020\/11\/smart-window-700x401.jpg 700w, https:\/\/www.dreamglassgroup.com\/wp-content\/uploads\/2020\/11\/smart-window-300x172.jpg 300w, https:\/\/www.dreamglassgroup.com\/wp-content\/uploads\/2020\/11\/smart-window-1024x586.jpg 1024w, https:\/\/www.dreamglassgroup.com\/wp-content\/uploads\/2020\/11\/smart-window-768x439.jpg 768w, https:\/\/www.dreamglassgroup.com\/wp-content\/uploads\/2020\/11\/smart-window-1536x879.jpg 1536w, https:\/\/www.dreamglassgroup.com\/wp-content\/uploads\/2020\/11\/smart-window-2048x1172.jpg 2048w, https:\/\/www.dreamglassgroup.com\/wp-content\/uploads\/2020\/11\/smart-window-410x235.jpg 410w, https:\/\/www.dreamglassgroup.com\/wp-content\/uploads\/2020\/11\/smart-window-100x57.jpg 100w, https:\/\/www.dreamglassgroup.com\/wp-content\/uploads\/2020\/11\/smart-window-275x157.jpg 275w\"  sizes=\"(max-width: 700px) 100vw, 700px\"><\/div>\n                            <div class=\"cont_ourlab\">\n\t\t\t\t\t\t\t\t<h3 class=\"ourlab_titles\">Exploring New Smart Window Technologies<\/h3>                                <!-- <a href=\"https:\/\/www.dreamglassgroup.com\/es\/products\/exploring-new-smart-window-technologies\/\"   title=\"Exploring New Smart Window Technologies\"><\/a>-->\n                                <!--<a class=\"learnmore_ourlab\"   href=\"\">Learn More ><\/a>-->\n                                <p>DGG&acirc;&#128;&#153;s parent company, Intercomet, is exploring new smart window technologies, including those based on new advanced &acirc;&#128;&#156;plasmochromic&acirc;&#128;&#157; nanomaterials that would also allow a selective control of radiation transmission in the visible and infrared regions. This project, in conjunction with the capabilities of the LEITAT technology center, proposes the realization of &ldquo;plasmochromic&rdquo; modules with suitable characteristics [&hellip;]<\/p>\n                            <\/div>\n                        <\/div>\n                                    <\/div>\n        <\/article><!-- #post-## -->\n    \n    \n\t\t\n\t\n    \n    \n\t\t<\/div><\/div><\/div><\/div><\/div><div id=\"pg-972-1\"  class=\"panel-grid panel-has-style\"><div style=\"background-color: #ffffff;color: #000000;padding: 25px 0; \"  data-hascolor=\"hascolor\"  class=\"panel-row-style panel-row-style-for-972-1\"><div id=\"pgc-972-1-0\"  class=\"panel-grid-cell\"><div id=\"panel-972-1-0-0\"  class=\"so-panel widget widget_sow-editor panel-first-child\"  data-index=\"1\"><div class=\"panel-widget-style panel-widget-style-for-972-1-0-0\"><div class=\"so-widget-sow-editor so-widget-sow-editor-base\"><h3 class=\"widget-title\">CONT\u00c1CTENOS PARA COMENZAR SU PROYECTO<\/h3>\n<div class=\"siteorigin-widget-tinymce textwidget\">\n\t<div class=\"siteorigin-widget-tinymce textwidget\">\n<div class=\"textwidget\">\n<p style=\"text-align: center;\">We&acirc;&#128;&#153;ll find a solution to your privacy glass needs. We offer superior quality, customizable privacy glass &amp; short lead times - at the right price.<\/p>\n<\/div>\n<\/div>\n<\/div>\n<\/div><\/div><\/div><div id=\"panel-972-1-0-1\"  class=\"so-panel widget widget_siteorigin-panels-builder panel-last-child\"  data-index=\"2\"><div id=\"row-btns\"  class=\"panel-widget-style panel-widget-style-for-972-1-0-1\"><div id=\"pl-w5dd5d420e52b2\"  class=\"panel-layout\"><div id=\"pg-w5dd5d420e52b2-0\"  class=\"panel-grid panel-has-style\"><div style=\"padding: 50px 0; \"  class=\"panel-row-style panel-row-style-for-w5dd5d420e52b2-0\"><div id=\"pgc-w5dd5d420e52b2-0-0\"  class=\"panel-grid-cell\"><div id=\"panel-w5dd5d420e52b2-0-0-0\"  class=\"so-panel widget widget_sow-button panel-first-child panel-last-child\"  data-index=\"0\"><div class=\"get-quote-btn panel-widget-style panel-widget-style-for-w5dd5d420e52b2-0-0-0\" id=\"btn1\"><div class=\"so-widget-sow-button so-widget-sow-button-flat-22ce91da570c\"><div class=\"ow-button-base ow-button-align-center\">\n\t<a href=\"https:\/\/www.dreamglassgroup.com\/es\/contact-us\/\"  class=\"ow-icon-placement-left ow-button-hover\">\n\t\t<span>\n\t\t\t\n\t\t\tCONT\u00c1CTENOS\t\t<\/span>\n\t<\/a>\n<\/div>\n<\/div><\/div><\/div><\/div><\/div><\/div><\/div><\/div><\/div><\/div><\/div><\/div><\/div><\/body><\/html>","protected":false},"excerpt":{"rendered":"<!DOCTYPE html PUBLIC \"-\/\/W3C\/\/DTD HTML 4.0 Transitional\/\/EN\"  \"http:\/\/www.w3.org\/TR\/REC-html40\/loose.dtd\">\n<html><body><p>CONTACT US TO GET YOUR PROJECT STARTED We&acirc;&#128;&#153;ll find a solution to your privacy glass needs. We offer superior quality, customizable privacy glass &amp; short lead times &ndash; at the right price.<\/p>\n<\/body><\/html>","protected":false},"author":1,"featured_media":0,"parent":0,"menu_order":0,"comment_status":"closed","ping_status":"closed","template":"page-templates\/page_our_laboratory.php","meta":{"om_disable_all_campaigns":false},"aioseo_notices":[],"_links":{"self":[{"href":"https:\/\/www.dreamglassgroup.com\/es\/wp-json\/wp\/v2\/pages\/972"}],"collection":[{"href":"https:\/\/www.dreamglassgroup.com\/es\/wp-json\/wp\/v2\/pages"}],"about":[{"href":"https:\/\/www.dreamglassgroup.com\/es\/wp-json\/wp\/v2\/types\/page"}],"author":[{"embeddable":true,"href":"https:\/\/www.dreamglassgroup.com\/es\/wp-json\/wp\/v2\/users\/1"}],"replies":[{"embeddable":true,"href":"https:\/\/www.dreamglassgroup.com\/es\/wp-json\/wp\/v2\/comments?post=972"}],"version-history":[{"count":0,"href":"https:\/\/www.dreamglassgroup.com\/es\/wp-json\/wp\/v2\/pages\/972\/revisions"}],"wp:attachment":[{"href":"https:\/\/www.dreamglassgroup.com\/es\/wp-json\/wp\/v2\/media?parent=972"}],"curies":[{"name":"wp","href":"https:\/\/api.w.org\/{rel}","templated":true}]}}