{"id":1678,"date":"2018-01-21T19:03:14","date_gmt":"2018-01-21T19:03:14","guid":{"rendered":"http:\/\/dreamglass.wpengine.com\/?page_id=1678"},"modified":"2019-07-18T18:02:59","modified_gmt":"2019-07-18T18:02:59","slug":"privacy","status":"publish","type":"page","link":"https:\/\/www.dreamglassgroup.com\/es\/privacy\/","title":{"rendered":"<!DOCTYPE html PUBLIC \"-\/\/W3C\/\/DTD HTML 4.0 Transitional\/\/EN\" \"http:\/\/www.w3.org\/TR\/REC-html40\/loose.dtd\">\n<html><body><p>Privacy<\/p><\/body><\/html>"},"content":{"rendered":"<!DOCTYPE html PUBLIC \"-\/\/W3C\/\/DTD HTML 4.0 Transitional\/\/EN\"  \"http:\/\/www.w3.org\/TR\/REC-html40\/loose.dtd\">\n<html><body><div id=\"pl-1678\"  class=\"panel-layout\"><div id=\"pg-1678-0\"  class=\"panel-grid panel-has-style\"><div class=\"mob-pad-15 panel-row-style panel-row-style-for-1678-0\"  style=\"padding: 50px 0; \"><div id=\"pgc-1678-0-0\"  class=\"panel-grid-cell\"><div class=\"privacy-text panel-cell-style panel-cell-style-for-1678-0-0\"><div id=\"panel-1678-0-0-0\"  class=\"so-panel widget widget_text panel-first-child panel-last-child\"  data-index=\"0\">\t\t\t<div class=\"textwidget\"><h4><strong>Protecci\u00f3n de datos de car\u00e1cter personal seg\u00fan el RGPD<br>\n<\/strong><\/h4>\n<p>Dream Glass S.L., en aplicaci\u00f3n de la normativa vigente en materia de protecci\u00f3n de datos de car\u00e1cter personal, informa que los datos personales que se recogen a trav\u00e9s de los formularios del Sitio web: https:\/\/www.dreamglassgroup.com, se incluyen en los ficheros automatizados espec\u00edficos de usuarios de los servicios de Dream Glass S.L.<\/p>\n<p>La recogida y tratamiento automatizado de los datos de car\u00e1cter personal tiene como finalidad el mantenimiento de la relaci\u00f3n comercial y el desempe\u00f1o de tareas de informaci\u00f3n, formaci\u00f3n, asesoramiento y otras actividades propias de Dream Glass S.L.<\/p>\n<p>Estos datos \u00fanicamente ser\u00e1n cedidos a aquellas entidades que sean necesarias con el \u00fanico objetivo de dar cumplimiento a la finalidad anteriormente expuesta.<\/p>\n<p>Dream Glass S.L. adopta las medidas necesarias para garantizar la seguridad, integridad y confidencialidad de los datos conforme a lo dispuesto en el Reglamento (UE) 2016\/679 del Parlamento Europeo y del Consejo, de 27 de abril de 2016, relativo a la protecci\u00f3n de las personas f\u00edsicas en lo que respecta al tratamiento de datos personales y a la libre circulaci\u00f3n de los mismos.<\/p>\n<p>User may at any time exercise their rights in access, opposition, rectification, limitation, portability and cancellation recognized in Data Protection Regulation. User can exercise these rights free via email to: info@dreamglassgroup.com or in the address: C\/ Ca&Atilde;&plusmn;ada, 15, C.P. 28860 &ndash; Paracuellos Del Jarama (Madrid).<\/p>\n<p>El usuario manifiesta que todos los datos facilitados por \u00e9l son ciertos y correctos, y se compromete a mantenerlos actualizados, comunicando los cambios a Dream Glass S.L.<\/p>\n<p><strong>Finalidad del tratamiento de los datos personales:<\/strong><\/p>\n<p><strong>\u00bfCon qu\u00e9 finalidad trataremos tus datos personales?<\/strong><\/p>\n<p>En Dream Glass S.L., trataremos tus datos personales recabados a trav\u00e9s del Sitio Web: https:\/\/www.dreamglassgroup.com, con las siguientes finalidades:<\/p>\n<ol>\n<li>En caso de contrataci\u00f3n de los bienes y servicios ofertados a trav\u00e9s de https:\/\/www.dreamglassgroup.com, para mantener la relaci\u00f3n contractual, as\u00ed como la gesti\u00f3n, administraci\u00f3n, informaci\u00f3n, prestaci\u00f3n y mejora del servicio.<\/li>\n<li>Env\u00edo de informaci\u00f3n solicitada a trav\u00e9s de los formularios dispuestos en https:\/\/www.dreamglassgroup.com.<\/li>\n<li>Remitir boletines (newsletters), as\u00ed como comunicaciones comerciales de promociones y\/o publicidad de https:\/\/www.dreamglassgroup.com y del sector.<\/li>\n<\/ol>\n<p>Te recordamos que puedes oponerte al env\u00edo de comunicaciones comerciales por cualquier v\u00eda y en cualquier momento, remitiendo un correo electr\u00f3nico a la direcci\u00f3n anteriormente indicada.<\/p>\n<p>Los campos de dichos registros son de cumplimentaci\u00f3n obligatoria, siendo imposible realizar las finalidades expresadas si no se aportan esos datos.<\/p>\n<p><strong>\u00bfPor cu\u00e1nto tiempo se conservan los datos personales recabados?<br>\n<\/strong>Los datos personales proporcionados se conservar\u00e1n mientras se mantenga la relaci\u00f3n comercial o no solicites su supresi\u00f3n y durante el plazo por el cu\u00e1l pudieran derivarse responsabilidades legales por los servicios prestados.<\/p>\n<p><strong>Legitimaci\u00f3n:<\/strong><\/p>\n<p>El tratamiento de tus datos se realiza con las siguientes bases jur\u00eddicas que legitiman el mismo:<\/p>\n<ol>\n<li>La solicitud de informaci\u00f3n y\/o la contrataci\u00f3n de los servicios de Dream Glass S.L., cuyos t\u00e9rminos y condiciones se pondr\u00e1n a tu disposici\u00f3n en todo caso, de forma previa a una eventual contrataci\u00f3n.<\/li>\n<li>El consentimiento libre, espec\u00edfico, informado e inequ\u00edvoco, en tanto que te informamos poniendo a tu disposici\u00f3n la presente pol\u00edtica de privacidad, que tras la lectura de la misma, en caso de estar conforme, puedes aceptar mediante una declaraci\u00f3n o una clara acci\u00f3n afirmativa, como el marcado de una casilla dispuesta al efecto.<\/li>\n<\/ol>\n<p>En caso de que no nos facilites tus datos o lo hagas de forma err\u00f3nea o incompleta, no podremos atender tu solicitud, resultando del todo imposible proporcionarte la informaci\u00f3n solicitada o llevar a cabo la contrataci\u00f3n de los servicios.<\/p>\n<p><strong>Destinatarios:<\/strong><\/p>\n<p>Los datos no se comunicar\u00e1n a ning\u00fan tercero ajeno a Dream Glass S.L., salvo obligaci\u00f3n legal.<\/p>\n<p>Como encargados de tratamiento, tenemos a proveedores de servicios, habi\u00e9ndose comprometido al cumplimiento de las disposiciones normativas, de aplicaci\u00f3n en materia de protecci\u00f3n de datos, en el momento de su contrataci\u00f3n.<\/p>\n<p><strong>Datos recopilados por usuarios de los servicios<\/strong><\/p>\n<p>En los casos en que el usuario incluya ficheros con datos de car\u00e1cter personal en los servidores de alojamiento compartido, Dream Glass S.L. no se hace responsable del incumplimiento por parte del usuario del RGPD.<\/p>\n<p><strong>Retenci\u00f3n de datos en conformidad a la LSSI<\/strong><\/p>\n<p>Dream Glass S.L. informa de que, como prestador de servicio de alojamiento de datos y en virtud de lo establecido en la Ley 34\/2002 de 11 de julio de Servicios de la Sociedad de la Informaci\u00f3n y de Comercio Electr\u00f3nico (LSSI), retiene por un periodo m\u00e1ximo de 12 meses la informaci\u00f3n imprescindible para identificar el origen de los datos alojados y el momento en que se inici\u00f3 la prestaci\u00f3n del servicio.<\/p>\n<p>La retenci\u00f3n de estos datos no afecta al secreto de las comunicaciones y s\u00f3lo podr\u00e1n ser utilizados en el marco de una investigaci\u00f3n criminal o para la salvaguardia de la seguridad p\u00fablica, poni\u00e9ndose a disposici\u00f3n de los jueces y\/o tribunales o del Ministerio que as\u00ed los requiera.<\/p>\n<p>La comunicaci\u00f3n de datos a las Fuerzas y Cuerpos del Estado se har\u00e1 en virtud a lo dispuesto en la normativa sobre protecci\u00f3n de datos personales.<\/p>\n<p><strong>Derechos propiedad intelectual https:\/\/www.dreamglassgroup.com<\/strong><\/p>\n<p>Dream Glass S.L. es titular de todos los derechos de autor, propiedad intelectual, industrial, \"know how\" y cuantos otros derechos guardan relaci\u00f3n con los contenidos del sitio web https:\/\/www.dreamglassgroup.com y los servicios ofertados en el mismo, as\u00ed como de los programas necesarios para su implementaci\u00f3n y la informaci\u00f3n relacionada.<\/p>\n<p>No se permite la reproducci\u00f3n, publicaci\u00f3n y\/o uso no estrictamente privado de los contenidos, totales o parciales, del sitio web https:\/\/www.dreamglassgroup.com sin el consentimiento previo y por escrito.<\/p>\n<p><strong>Propiedad intelectual del software<\/strong><\/p>\n<p>El usuario debe respetar los programas de terceros puestos a su disposici\u00f3n por Dream Glass S.L., a\u00fan siendo gratuitos y\/o de disposici\u00f3n p\u00fablica. Dream Glass S.L. dispone de los derechos de explotaci\u00f3n y propiedad intelectual necesarios del software.<\/p>\n<p>El usuario no adquiere derecho alguno o licencia por el servicio contratado, sobre el software necesario para la prestaci\u00f3n del servicio, ni tampoco sobre la informaci\u00f3n t\u00e9cnica de seguimiento del servicio, excepci\u00f3n hecha de los derechos y licencias necesarios para el cumplimiento de los servicios contratados y \u00fanicamente durante la duraci\u00f3n de los mismos.<\/p>\n<p>In any action that exceeds the contract performance, user will need written permission from Dream Glass S.L., being forbidden to user for access, modify, view the configuration, structure and server&acirc;&#128;&#153;s files property of Dream Glass S.L., assuming the civil and criminal liability arising from any incident that might involve on servers and security systems as a direct result for a negligence or malicious on his part.<\/p>\n<p><strong>Propiedad intelectual de los contenidos alojados<br>\n<\/strong>Se proh\u00edbe el uso contrario a la legislaci\u00f3n sobre propiedad intelectual de los servicios prestados por Dream Glass S.L. y, en particular de:<\/p>\n<ul>\n<li>La utilizaci\u00f3n que resulte contraria a las leyes espa\u00f1olas o que infrinja los derechos de terceros.<\/li>\n<li>La publicaci\u00f3n o la transmisi\u00f3n de cualquier contenido que, a juicio de Dream Glass S.L., resulte violento, obsceno, abusivo, ilegal, racial, xen\u00f3fobo o difamatorio.<\/li>\n<li>Los cracks, n\u00fameros de serie de programas o cualquier otro contenido que vulnere derechos de la propiedad intelectual de terceros.<\/li>\n<li>La recogida y\/o utilizaci\u00f3n de datos personales de otros usuarios sin su consentimiento expreso o contraviniendo lo dispuesto en el Reglamento (UE) 2016\/679 del Parlamento Europeo y del Consejo, de 27 de abril de 2016, relativo a la protecci\u00f3n de las personas f\u00edsicas en lo que respecta al tratamiento de datos personales y a la libre circulaci\u00f3n de los mismos.<\/li>\n<li>La utilizaci\u00f3n del servidor de correo del dominio y de las direcciones de correo electr\u00f3nico para el env\u00edo de correo masivo no deseado.<\/li>\n<\/ul>\n<p>El usuario tiene toda la responsabilidad sobre el contenido de su web, la informaci\u00f3n transmitida y almacenada, los enlaces de hipertexto, las reivindicaciones de terceros y las acciones legales en referencia a propiedad intelectual, derechos de terceros y protecci\u00f3n de menores.<\/p>\n<p>El usuario es responsable respecto a las leyes y reglamentos en vigor y las reglas que tienen que ver con el funcionamiento del servicio online, comercio electr\u00f3nico, derechos de autor, mantenimiento del orden p\u00fablico, as\u00ed como principios universales de uso de Internet.<\/p>\n<p>El usuario indemnizar\u00e1 a Dream Glass S.L. por los gastos que generara la imputaci\u00f3n de Dream Glass S.L. en alguna causa cuya responsabilidad fuera atribuible al usuario, incluidos honorarios y gastos de defensa jur\u00eddica, incluso en el caso de una decisi\u00f3n judicial no definitiva.<\/p>\n<p><strong>Protecci\u00f3n de la informaci\u00f3n alojada<br>\n<\/strong>Dream Glass S.L. realiza copias de seguridad de los contenidos alojados en sus servidores, sin embargo no se responsabiliza de la p\u00e9rdida o el borrado accidental de los datos por parte de los usuarios. De igual manera, no garantiza la reposici\u00f3n total de los datos borrados por los usuarios, ya que los citados datos podr\u00edan haber sido suprimidos y\/o modificados durante el periodo del tiempo transcurrido desde la \u00faltima copia de seguridad.<\/p>\n<p>Los servicios ofertados, excepto los servicios espec\u00edficos de backup, no incluyen la reposici\u00f3n de los contenidos conservados en las copias de seguridad realizadas por Dream Glass S.L., cuando esta p\u00e9rdida sea imputable al usuario; en este caso, se determinar\u00e1 una tarifa acorde a la complejidad y volumen de la recuperaci\u00f3n, siempre previa aceptaci\u00f3n del usuario.<\/p>\n<p>La reposici\u00f3n de datos borrados s\u00f3lo est\u00e1 incluida en el precio del servicio cuando la p\u00e9rdida del contenido sea debida a causas atribuibles a Dream Glass S.L..<\/p>\n<p><strong>Comunicaciones comerciales<br>\n<\/strong>En aplicaci\u00f3n de la LSSI. Dream Glass S.L. no enviar\u00e1 comunicaciones publicitarias o promocionales por correo electr\u00f3nico u otro medio de comunicaci\u00f3n electr\u00f3nica equivalente que previamente no hubieran sido solicitadas o expresamente autorizadas por los destinatarios de las mismas.<\/p>\n<p>En el caso de usuarios con los que exista una relaci\u00f3n contractual previa, Dream Glass S.L. s\u00ed est\u00e1 autorizado al env\u00edo de comunicaciones comerciales referentes a productos o servicios de Dream Glass S.L. que sean similares a los que inicialmente fueron objeto de contrataci\u00f3n con el cliente.<\/p>\n<p>En todo caso, el usuario, tras acreditar su identidad, podr\u00e1 solicitar que no se le haga llegar m\u00e1s informaci\u00f3n comercial a trav\u00e9s de los canales de Atenci\u00f3n al Cliente.<\/p>\n<\/div>\n\t\t<\/div><\/div><\/div><\/div><\/div><\/div><\/body><\/html>","protected":false},"excerpt":{"rendered":"<!DOCTYPE html PUBLIC \"-\/\/W3C\/\/DTD HTML 4.0 Transitional\/\/EN\"  \"http:\/\/www.w3.org\/TR\/REC-html40\/loose.dtd\">\n<html><body><p>Personal Data Protection according to GDPR Dream Glass S.L. under current legislation regarding personal data protection, reports that personal data collected through the forms available on the website: https:\/\/www.dreamglassgroup.com , are included in computerized files for user specific services of Dream Glass S.L Personal data collection and processing are aimed at maintaining business relationship and [&hellip;]<\/p>\n<\/body><\/html>","protected":false},"author":1,"featured_media":0,"parent":0,"menu_order":0,"comment_status":"closed","ping_status":"closed","template":"page-templates\/page_partners.php","meta":{"om_disable_all_campaigns":false},"aioseo_notices":[],"_links":{"self":[{"href":"https:\/\/www.dreamglassgroup.com\/es\/wp-json\/wp\/v2\/pages\/1678"}],"collection":[{"href":"https:\/\/www.dreamglassgroup.com\/es\/wp-json\/wp\/v2\/pages"}],"about":[{"href":"https:\/\/www.dreamglassgroup.com\/es\/wp-json\/wp\/v2\/types\/page"}],"author":[{"embeddable":true,"href":"https:\/\/www.dreamglassgroup.com\/es\/wp-json\/wp\/v2\/users\/1"}],"replies":[{"embeddable":true,"href":"https:\/\/www.dreamglassgroup.com\/es\/wp-json\/wp\/v2\/comments?post=1678"}],"version-history":[{"count":0,"href":"https:\/\/www.dreamglassgroup.com\/es\/wp-json\/wp\/v2\/pages\/1678\/revisions"}],"wp:attachment":[{"href":"https:\/\/www.dreamglassgroup.com\/es\/wp-json\/wp\/v2\/media?parent=1678"}],"curies":[{"name":"wp","href":"https:\/\/api.w.org\/{rel}","templated":true}]}}